{"id":8288,"date":"2023-09-20T10:37:23","date_gmt":"2023-09-20T08:37:23","guid":{"rendered":"https:\/\/restaurantelavue.com\/politica-de-accesibilidad\/"},"modified":"2024-01-31T14:12:03","modified_gmt":"2024-01-31T13:12:03","slug":"politica-de-accesibilidad","status":"publish","type":"page","link":"https:\/\/restaurantelavue.com\/fr\/politica-de-accesibilidad\/","title":{"rendered":"Pol\u00edtica de accesibilidad"},"content":{"rendered":"\t\t<div data-elementor-type=\"wp-page\" data-elementor-id=\"8288\" class=\"elementor elementor-8288 elementor-7669\">\n\t\t\t\t\t\t\t<div class=\"elementor-element elementor-element-57018052 e-flex e-con-boxed e-con e-parent\" data-id=\"57018052\" data-element_type=\"container\" data-settings=\"{&quot;content_width&quot;:&quot;boxed&quot;}\" data-core-v316-plus=\"true\">\n\t\t\t\t\t<div class=\"e-con-inner\">\n\t\t\t\t<div class=\"elementor-element elementor-element-12ab16a3 elementor-widget elementor-widget-text-editor\" data-id=\"12ab16a3\" data-element_type=\"widget\" data-widget_type=\"text-editor.default\">\n\t\t\t\t<div class=\"elementor-widget-container\">\n\t\t\t<style>\/*! elementor - v3.16.0 - 14-09-2023 *\/\n.elementor-widget-text-editor.elementor-drop-cap-view-stacked .elementor-drop-cap{background-color:#69727d;color:#fff}.elementor-widget-text-editor.elementor-drop-cap-view-framed .elementor-drop-cap{color:#69727d;border:3px solid;background-color:transparent}.elementor-widget-text-editor:not(.elementor-drop-cap-view-default) .elementor-drop-cap{margin-top:8px}.elementor-widget-text-editor:not(.elementor-drop-cap-view-default) .elementor-drop-cap-letter{width:1em;height:1em}.elementor-widget-text-editor .elementor-drop-cap{float:left;text-align:center;line-height:1;font-size:50px}.elementor-widget-text-editor .elementor-drop-cap-letter{display:inline-block}<\/style>\t\t\t\t<p>Queremos que todo el mundo que visite la web de La Vue Matar\u00f3 se sienta bienvenido y encuentre la experiencia gratificante.<\/p>\n<p>\u00bfQu\u00e9 estamos haciendo?<br \/>Para ayudarnos a hacer de la web de La Vue Matar\u00f3 un sitio positivo para todos, hemos estado utilizando las Directrices de accesibilidad al contenido web (WCAG) 2.1. Estas directrices explican c\u00f3mo hacer que el contenido web sea m\u00e1s accesible para personas con discapacidad y f\u00e1cil de utilizar para todos.<\/p>\n<p>Las directrices tienen tres niveles de accesibilidad (A, AA y AAA). Hemos escogido el nivel AA como objetivo de la web de La Vue Matar\u00f3.<\/p>\n<p>\u00bfC\u00f3mo lo hacemos?<br \/>Hemos trabajado mucho en la web de La Vue Matar\u00f3 y creemos que hemos alcanzado nuestro objetivo de accesibilidad de nivel AA. Supervisamos el sitio web peri\u00f3dicamente para mantenerlo, pero si encuentra alg\u00fan problema, p\u00f3ngase en contacto.<\/p>\n<p>H\u00e1ganos saber qu\u00e9 le parece<br \/>Si le ha gustado utilizar la web de La Vue Matar\u00f3, o si ha tenido problemas con alguna parte de ella, p\u00f3ngase en contacto. Nos gustar\u00eda recibir noticias suyas de cualquiera de las siguientes formas:<\/p>\n<p>env\u00edanos un correo electr\u00f3nico a <a href=\"mailto:info@restaurantelavue.com\">info@restaurantelavue.com<\/a><br \/>ll\u00e1manos al <a href=\"tel:936055940\">936055940<\/a><br \/>ponte en contacto en <a href=\"https:\/\/restaurantelavue.com\/#contacto\">https:\/\/restaurantelavue.com\/#contacto<\/a><\/p>\n\t\t\t\t\t\t<\/div>\n\t\t\t\t<\/div>\n\t\t\t\t\t<\/div>\n\t\t\t\t<\/div>\n\t\t\t\t\t\t\t<\/div>\n\t\t","protected":false},"excerpt":{"rendered":"<p>Queremos que todo el mundo que visite la web de La Vue Matar\u00f3 se sienta bienvenido y encuentre la experiencia gratificante. \u00bfQu\u00e9 estamos haciendo?Para ayudarnos a hacer de la web de La Vue Matar\u00f3 un sitio positivo para todos, hemos estado utilizando las Directrices de accesibilidad al contenido web (WCAG) 2.1. Estas directrices explican c\u00f3mo&#8230;<\/p>\n","protected":false},"author":1,"featured_media":0,"parent":0,"menu_order":0,"comment_status":"closed","ping_status":"closed","template":"","meta":{"_monsterinsights_skip_tracking":false,"_monsterinsights_sitenote_active":false,"_monsterinsights_sitenote_note":"","_monsterinsights_sitenote_category":0,"footnotes":""},"class_list":["post-8288","page","type-page","status-publish","hentry"],"yoast_head":"<!-- This site is optimized with the Yoast SEO plugin v21.1 - https:\/\/yoast.com\/wordpress\/plugins\/seo\/ -->\n<title>Pol\u00edtica de accesibilidad - Restaurante La Vue<\/title>\n<meta name=\"robots\" content=\"index, follow, max-snippet:-1, max-image-preview:large, max-video-preview:-1\" \/>\n<link rel=\"canonical\" href=\"https:\/\/restaurantelavue.com\/fr\/politica-de-accesibilidad\/\" \/>\n<meta property=\"og:locale\" content=\"fr_FR\" \/>\n<meta property=\"og:type\" content=\"article\" \/>\n<meta property=\"og:title\" content=\"Pol\u00edtica de accesibilidad - Restaurante La Vue\" \/>\n<meta property=\"og:description\" content=\"Queremos que todo el mundo que visite la web de La Vue Matar\u00f3 se sienta bienvenido y encuentre la experiencia gratificante. \u00bfQu\u00e9 estamos haciendo?Para ayudarnos a hacer de la web de La Vue Matar\u00f3 un sitio positivo para todos, hemos estado utilizando las Directrices de accesibilidad al contenido web (WCAG) 2.1. Estas directrices explican c\u00f3mo...\" \/>\n<meta property=\"og:url\" content=\"https:\/\/restaurantelavue.com\/fr\/politica-de-accesibilidad\/\" \/>\n<meta property=\"og:site_name\" content=\"Restaurante La Vue\" \/>\n<meta property=\"article:publisher\" content=\"https:\/\/www.facebook.com\/people\/La-Vue-Matar\/100087289764896\/\" \/>\n<meta property=\"article:modified_time\" content=\"2024-01-31T13:12:03+00:00\" \/>\n<meta name=\"twitter:card\" content=\"summary_large_image\" \/>\n<meta name=\"twitter:label1\" content=\"Dur\u00e9e de lecture estim\u00e9e\" \/>\n\t<meta name=\"twitter:data1\" content=\"1 minute\" \/>\n<script type=\"application\/ld+json\" class=\"yoast-schema-graph\">{\"@context\":\"https:\/\/schema.org\",\"@graph\":[{\"@type\":\"WebPage\",\"@id\":\"https:\/\/restaurantelavue.com\/fr\/politica-de-accesibilidad\/\",\"url\":\"https:\/\/restaurantelavue.com\/fr\/politica-de-accesibilidad\/\",\"name\":\"Pol\u00edtica de accesibilidad - Restaurante La Vue\",\"isPartOf\":{\"@id\":\"https:\/\/restaurantelavue.com\/fr\/#website\"},\"datePublished\":\"2023-09-20T08:37:23+00:00\",\"dateModified\":\"2024-01-31T13:12:03+00:00\",\"breadcrumb\":{\"@id\":\"https:\/\/restaurantelavue.com\/fr\/politica-de-accesibilidad\/#breadcrumb\"},\"inLanguage\":\"fr-FR\",\"potentialAction\":[{\"@type\":\"ReadAction\",\"target\":[\"https:\/\/restaurantelavue.com\/fr\/politica-de-accesibilidad\/\"]}]},{\"@type\":\"BreadcrumbList\",\"@id\":\"https:\/\/restaurantelavue.com\/fr\/politica-de-accesibilidad\/#breadcrumb\",\"itemListElement\":[{\"@type\":\"ListItem\",\"position\":1,\"name\":\"Portada\",\"item\":\"https:\/\/restaurantelavue.com\/fr\/\"},{\"@type\":\"ListItem\",\"position\":2,\"name\":\"Pol\u00edtica de accesibilidad\"}]},{\"@type\":\"WebSite\",\"@id\":\"https:\/\/restaurantelavue.com\/fr\/#website\",\"url\":\"https:\/\/restaurantelavue.com\/fr\/\",\"name\":\"La Vue Matar\u00f3\",\"description\":\"\",\"publisher\":{\"@id\":\"https:\/\/restaurantelavue.com\/fr\/#organization\"},\"potentialAction\":[{\"@type\":\"SearchAction\",\"target\":{\"@type\":\"EntryPoint\",\"urlTemplate\":\"https:\/\/restaurantelavue.com\/fr\/?s={search_term_string}\"},\"query-input\":\"required name=search_term_string\"}],\"inLanguage\":\"fr-FR\"},{\"@type\":\"Organization\",\"@id\":\"https:\/\/restaurantelavue.com\/fr\/#organization\",\"name\":\"La Vue Matar\u00f3\",\"url\":\"https:\/\/restaurantelavue.com\/fr\/\",\"logo\":{\"@type\":\"ImageObject\",\"inLanguage\":\"fr-FR\",\"@id\":\"https:\/\/restaurantelavue.com\/fr\/#\/schema\/logo\/image\/\",\"url\":\"\",\"contentUrl\":\"\",\"caption\":\"La Vue Matar\u00f3\"},\"image\":{\"@id\":\"https:\/\/restaurantelavue.com\/fr\/#\/schema\/logo\/image\/\"},\"sameAs\":[\"https:\/\/www.facebook.com\/people\/La-Vue-Matar\/100087289764896\/\"]}]}<\/script>\n<!-- \/ Yoast SEO plugin. -->","yoast_head_json":{"title":"Pol\u00edtica de accesibilidad - Restaurante La Vue","robots":{"index":"index","follow":"follow","max-snippet":"max-snippet:-1","max-image-preview":"max-image-preview:large","max-video-preview":"max-video-preview:-1"},"canonical":"https:\/\/restaurantelavue.com\/fr\/politica-de-accesibilidad\/","og_locale":"fr_FR","og_type":"article","og_title":"Pol\u00edtica de accesibilidad - Restaurante La Vue","og_description":"Queremos que todo el mundo que visite la web de La Vue Matar\u00f3 se sienta bienvenido y encuentre la experiencia gratificante. \u00bfQu\u00e9 estamos haciendo?Para ayudarnos a hacer de la web de La Vue Matar\u00f3 un sitio positivo para todos, hemos estado utilizando las Directrices de accesibilidad al contenido web (WCAG) 2.1. Estas directrices explican c\u00f3mo...","og_url":"https:\/\/restaurantelavue.com\/fr\/politica-de-accesibilidad\/","og_site_name":"Restaurante La Vue","article_publisher":"https:\/\/www.facebook.com\/people\/La-Vue-Matar\/100087289764896\/","article_modified_time":"2024-01-31T13:12:03+00:00","twitter_card":"summary_large_image","twitter_misc":{"Dur\u00e9e de lecture estim\u00e9e":"1 minute"},"schema":{"@context":"https:\/\/schema.org","@graph":[{"@type":"WebPage","@id":"https:\/\/restaurantelavue.com\/fr\/politica-de-accesibilidad\/","url":"https:\/\/restaurantelavue.com\/fr\/politica-de-accesibilidad\/","name":"Pol\u00edtica de accesibilidad - Restaurante La Vue","isPartOf":{"@id":"https:\/\/restaurantelavue.com\/fr\/#website"},"datePublished":"2023-09-20T08:37:23+00:00","dateModified":"2024-01-31T13:12:03+00:00","breadcrumb":{"@id":"https:\/\/restaurantelavue.com\/fr\/politica-de-accesibilidad\/#breadcrumb"},"inLanguage":"fr-FR","potentialAction":[{"@type":"ReadAction","target":["https:\/\/restaurantelavue.com\/fr\/politica-de-accesibilidad\/"]}]},{"@type":"BreadcrumbList","@id":"https:\/\/restaurantelavue.com\/fr\/politica-de-accesibilidad\/#breadcrumb","itemListElement":[{"@type":"ListItem","position":1,"name":"Portada","item":"https:\/\/restaurantelavue.com\/fr\/"},{"@type":"ListItem","position":2,"name":"Pol\u00edtica de accesibilidad"}]},{"@type":"WebSite","@id":"https:\/\/restaurantelavue.com\/fr\/#website","url":"https:\/\/restaurantelavue.com\/fr\/","name":"La Vue Matar\u00f3","description":"","publisher":{"@id":"https:\/\/restaurantelavue.com\/fr\/#organization"},"potentialAction":[{"@type":"SearchAction","target":{"@type":"EntryPoint","urlTemplate":"https:\/\/restaurantelavue.com\/fr\/?s={search_term_string}"},"query-input":"required name=search_term_string"}],"inLanguage":"fr-FR"},{"@type":"Organization","@id":"https:\/\/restaurantelavue.com\/fr\/#organization","name":"La Vue Matar\u00f3","url":"https:\/\/restaurantelavue.com\/fr\/","logo":{"@type":"ImageObject","inLanguage":"fr-FR","@id":"https:\/\/restaurantelavue.com\/fr\/#\/schema\/logo\/image\/","url":"","contentUrl":"","caption":"La Vue Matar\u00f3"},"image":{"@id":"https:\/\/restaurantelavue.com\/fr\/#\/schema\/logo\/image\/"},"sameAs":["https:\/\/www.facebook.com\/people\/La-Vue-Matar\/100087289764896\/"]}]}},"_links":{"self":[{"href":"https:\/\/restaurantelavue.com\/fr\/wp-json\/wp\/v2\/pages\/8288","targetHints":{"allow":["GET"]}}],"collection":[{"href":"https:\/\/restaurantelavue.com\/fr\/wp-json\/wp\/v2\/pages"}],"about":[{"href":"https:\/\/restaurantelavue.com\/fr\/wp-json\/wp\/v2\/types\/page"}],"author":[{"embeddable":true,"href":"https:\/\/restaurantelavue.com\/fr\/wp-json\/wp\/v2\/users\/1"}],"replies":[{"embeddable":true,"href":"https:\/\/restaurantelavue.com\/fr\/wp-json\/wp\/v2\/comments?post=8288"}],"version-history":[{"count":1,"href":"https:\/\/restaurantelavue.com\/fr\/wp-json\/wp\/v2\/pages\/8288\/revisions"}],"predecessor-version":[{"id":8289,"href":"https:\/\/restaurantelavue.com\/fr\/wp-json\/wp\/v2\/pages\/8288\/revisions\/8289"}],"wp:attachment":[{"href":"https:\/\/restaurantelavue.com\/fr\/wp-json\/wp\/v2\/media?parent=8288"}],"curies":[{"name":"wp","href":"https:\/\/api.w.org\/{rel}","templated":true}]}}